{"id":40,"date":"2025-06-19T19:17:03","date_gmt":"2025-06-19T19:17:03","guid":{"rendered":"http:\/\/promedialab-malaga.es\/?page_id=40"},"modified":"2025-11-05T09:33:21","modified_gmt":"2025-11-05T09:33:21","slug":"sobre-nosotros","status":"publish","type":"page","link":"https:\/\/promedialab-malaga.es\/index.php\/sobre-nosotros\/","title":{"rendered":"Sobre Nosotros"},"content":{"rendered":"<div id=\"pl-40\"  class=\"panel-layout\" ><div id=\"pg-40-0\"  class=\"panel-grid panel-no-style\" ><div id=\"pgc-40-0-0\"  class=\"panel-grid-cell\" ><div id=\"panel-40-0-0-0\" class=\"so-panel widget widget_black-studio-tinymce widget_black_studio_tinymce panel-first-child panel-last-child\" data-index=\"0\" ><div class=\"textwidget\"><p><span class=\"\" style=\"display:block;clear:both;height: 0px;padding-top: 20px;border-top-width:0px;border-bottom-width:0px;\"><\/span><\/p>\n<p style=\"text-align: center;\"><span style=\"font-size: 14pt;\"><strong>Servicios profesionales<\/strong><\/span><br \/>\n<span style=\"font-size: 14pt;\"><strong>M\u00e1s de 25 a\u00f1os de experiencia a tu disposici\u00f3n<\/strong><\/span><\/p>\n<p>&nbsp;<\/p>\n<h2 style=\"text-align: center;\"><span style=\"color: #ff6600;\"><b>\ud83c\udfa5 Foto y Video Profesional en M\u00e1laga<\/b><\/span><\/h2>\n<p>&nbsp;<\/p>\n<p class=\"p3\" style=\"text-align: center;\"><strong>En <span class=\"s2\">ProMediaLab M\u00e1laga<\/span>,<br \/>\ntransformamos la imagen de tu negocio en una historia <\/strong><strong>visual<br \/>\nque conecta y deja huella.<\/strong><\/p>\n<p class=\"p4\" style=\"text-align: center;\"><strong><span class=\"s3\">Creamos:<\/span><\/strong><\/p>\n<p class=\"p4\" style=\"text-align: center;\"><strong><span class=\"s3\">C<\/span>ontenido fotogr\u00e1fico y audiovisual profesional <span class=\"s3\">para\u00a0 <\/span>publicidad en redes sociales<span class=\"s3\">,<br \/>\n<\/span><span class=\"s3\">campa\u00f1as online y presentaciones comerciales.<\/span><\/strong><\/p>\n<p class=\"p3\" style=\"text-align: center;\"><strong>Trabajamos con particulares, <span class=\"s2\">restaurantes, hoteles, tiendas<\/span>,<\/strong><br \/>\n<strong>as\u00ed como con <span class=\"s2\">empresas de alquiler y venta de propiedades<\/span><\/strong><br \/>\n<strong>que desean mostrar sus servicios con elegancia, claridad y confianza.<\/strong><\/p>\n<p class=\"p3\" style=\"text-align: center;\"><strong>Nos enfocamos en la <span class=\"s2\">calidad, la luz, la composici\u00f3n y la emoci\u00f3n<\/span><\/strong><br \/>\n<strong>para que cada imagen transmita credibilidad y genere resultados reales.<\/strong><\/p>\n<p class=\"p3\" style=\"text-align: center;\"><strong>Con nosotros, tu presencia digital se convierte en mucho m\u00e1s que un simple video:<\/strong><br \/>\n<strong>se convierte en una identidad visual s\u00f3lida.<\/strong><\/p>\n<p class=\"p3\" style=\"text-align: center;\">\ud83d\udcde <span class=\"s2\"><b>Contacto:<\/b><\/span> <strong>672 11 94 55<\/strong><\/p>\n<p class=\"p4\" style=\"text-align: center;\"><span class=\"s3\">\ud83c\udf10 <\/span><b>www.promedialab-malaga.es<\/b><\/p>\n<p class=\"p4\" style=\"text-align: center;\"><span class=\"s3\">\ud83d\udccd <\/span><b>M\u00e1laga, Espa\u00f1a<\/b><\/p>\n<p>&nbsp;<\/p>\n<\/div><\/div><\/div><\/div><\/div>","protected":false},"excerpt":{"rendered":"<p>Servicios profesionales M\u00e1s de 25 a\u00f1os de experiencia a tu disposici\u00f3n &nbsp; \ud83c\udfa5 Foto y Video Profesional en M\u00e1laga &nbsp; En ProMediaLab M\u00e1laga, transformamos la imagen de tu negocio en una historia visual que conecta y deja huella. Creamos: Contenido fotogr\u00e1fico y audiovisual profesional para\u00a0 publicidad en redes sociales, campa\u00f1as online y presentaciones comerciales. Trabajamos <a class=\"moretag\" href=\"https:\/\/promedialab-malaga.es\/index.php\/sobre-nosotros\/\">Read More &#8230;<\/a><\/p>\n","protected":false},"author":1,"featured_media":0,"parent":0,"menu_order":0,"comment_status":"closed","ping_status":"closed","template":"full-width-page.php","meta":{"footnotes":""},"class_list":["post-40","page","type-page","status-publish","hentry"],"_links":{"self":[{"href":"https:\/\/promedialab-malaga.es\/index.php\/wp-json\/wp\/v2\/pages\/40","targetHints":{"allow":["GET"]}}],"collection":[{"href":"https:\/\/promedialab-malaga.es\/index.php\/wp-json\/wp\/v2\/pages"}],"about":[{"href":"https:\/\/promedialab-malaga.es\/index.php\/wp-json\/wp\/v2\/types\/page"}],"author":[{"embeddable":true,"href":"https:\/\/promedialab-malaga.es\/index.php\/wp-json\/wp\/v2\/users\/1"}],"replies":[{"embeddable":true,"href":"https:\/\/promedialab-malaga.es\/index.php\/wp-json\/wp\/v2\/comments?post=40"}],"version-history":[{"count":15,"href":"https:\/\/promedialab-malaga.es\/index.php\/wp-json\/wp\/v2\/pages\/40\/revisions"}],"predecessor-version":[{"id":438,"href":"https:\/\/promedialab-malaga.es\/index.php\/wp-json\/wp\/v2\/pages\/40\/revisions\/438"}],"wp:attachment":[{"href":"https:\/\/promedialab-malaga.es\/index.php\/wp-json\/wp\/v2\/media?parent=40"}],"curies":[{"name":"wp","href":"https:\/\/api.w.org\/{rel}","templated":true}]}}