{"id":36,"date":"2025-06-19T19:16:06","date_gmt":"2025-06-19T19:16:06","guid":{"rendered":"http:\/\/promedialab-malaga.es\/?page_id=36"},"modified":"2025-11-05T09:57:24","modified_gmt":"2025-11-05T09:57:24","slug":"inicio","status":"publish","type":"page","link":"https:\/\/promedialab-malaga.es\/","title":{"rendered":"Inicio"},"content":{"rendered":"<div id=\"pl-36\"  class=\"panel-layout\" ><div id=\"pg-36-0\"  class=\"panel-grid panel-no-style\" ><div id=\"pgc-36-0-0\"  class=\"panel-grid-cell\" ><div id=\"panel-36-0-0-0\" class=\"so-panel widget widget_black-studio-tinymce widget_black_studio_tinymce panel-first-child panel-last-child\" data-index=\"0\" ><div class=\"textwidget\"><p><span class=\"\" style=\"display:block;clear:both;height: 0px;padding-top: 10px;border-top-width:0px;border-bottom-width:0px;\"><\/span><\/p>\n<p><img loading=\"lazy\" decoding=\"async\" class=\" wp-image-426 aligncenter\" src=\"http:\/\/promedialab-malaga.es\/wp-content\/uploads\/2025\/11\/ok-1-300x300.png\" alt=\"\" width=\"484\" height=\"484\" srcset=\"https:\/\/promedialab-malaga.es\/wp-content\/uploads\/2025\/11\/ok-1-300x300.png 300w, https:\/\/promedialab-malaga.es\/wp-content\/uploads\/2025\/11\/ok-1-1024x1024.png 1024w, https:\/\/promedialab-malaga.es\/wp-content\/uploads\/2025\/11\/ok-1-150x150.png 150w, https:\/\/promedialab-malaga.es\/wp-content\/uploads\/2025\/11\/ok-1-768x768.png 768w, https:\/\/promedialab-malaga.es\/wp-content\/uploads\/2025\/11\/ok-1-1536x1536.png 1536w, https:\/\/promedialab-malaga.es\/wp-content\/uploads\/2025\/11\/ok-1.png 2000w\" sizes=\"auto, (max-width: 484px) 100vw, 484px\" \/><\/p>\n<p>&nbsp;<\/p>\n<h3 style=\"text-align: center;\"><b>\ud83d\udcf1 <span style=\"color: #999999;\">Tel\u00e9fono \/ WhatsApp:<\/span><\/b><\/h3>\n<p class=\"p3\" style=\"text-align: center;\"><span style=\"font-size: 18pt;\"><strong>672 11 94 55<\/strong><\/span><\/p>\n<\/div><\/div><\/div><\/div><div id=\"pg-36-1\"  class=\"panel-grid panel-no-style\" ><div id=\"pgc-36-1-0\"  class=\"panel-grid-cell\" ><div id=\"panel-36-1-0-0\" class=\"so-panel widget widget_black-studio-tinymce widget_black_studio_tinymce panel-first-child panel-last-child\" data-index=\"1\" ><div class=\"textwidget\"><p>&nbsp;<\/p>\n<p style=\"text-align: center;\"><span style=\"font-size: 14pt;\"><strong>\ud83c\udf1f<\/strong><\/span><strong><span style=\"font-size: 14pt;\"> ProMediaLab M\u00e1laga:<\/span><\/strong><\/p>\n<p style=\"text-align: center;\"><strong><br \/>\nThe Image That Sells \/ La Imagen que Vende \/ Imaginea care vinde!<\/strong><\/p>\n<p style=\"text-align: center;\">\ud83c\udfa5 <strong>Foto &amp; Video Profesional | Professional Photo &amp; Video | Servicii foto-video profesionale<\/strong><\/p>\n<p style=\"text-align: center;\">\ud83d\udcf8 Realiz\u0103m con\u021binut creativ pentru:<\/p>\n<p style=\"text-align: center;\"><span style=\"font-size: 14pt;\"><strong>\ud83c\udf7d <em>Restaurantes | Hotels | Ristoranti | Restaurante &amp; Hoteluri<\/em><\/strong><\/span><\/p>\n<p>&nbsp;<\/p>\n<p style=\"text-align: center;\"><span style=\"font-size: 14pt;\"><strong>\ud83c\udfe1 <em>Real Estate | Inmobiliarias | Agenzie Immobiliari<\/em><\/strong><\/span><\/p>\n<p>&nbsp;<\/p>\n<p style=\"text-align: center;\"><span style=\"font-size: 14pt;\"><strong>\ud83d\udecd <em>Shops &amp; Local Businesses | Tiendas &amp; Negocios | Magazine \u0219i firme locale<\/em><\/strong><\/span><\/p>\n<p>&nbsp;<\/p>\n<p style=\"text-align: center;\"><span style=\"font-size: 14pt;\"><strong>\ud83d\udc68\u200d\ud83d\udc69\u200d\ud83d\udc67\u200d\ud83d\udc66 <em>Particulares \/ Private Clients \/ Privati<\/em><\/strong><\/span><\/p>\n<p>&nbsp;<\/p>\n<p style=\"text-align: center;\"><strong>\u2728 Contenido visual para redes sociales, publicidad y presentaciones.<\/strong><\/p>\n<p style=\"text-align: center;\"><strong>\u2728 Visual content that sells \u2014 created with passion and precision.<\/strong><\/p>\n<p style=\"text-align: center;\"><strong>\u2728 Con\u021binut care inspir\u0103 \u00eencredere \u0219i atrage clien\u021bi reali.<\/strong><\/p>\n<p style=\"text-align: center;\">\ud83d\udccd <em>M\u00e1laga, Espa\u00f1a<\/em><br \/>\n\ud83c\udf10 <a href=\"http:\/\/www.promedialab-malaga.es\">www.promedialab-malaga.es<\/a><br \/>\n\ud83d\udcde <em>672 11 94 55<\/em><br \/>\n<span style=\"font-size: 14pt; color: #ffcc00;\"><strong>\ud83d\udde3 <em>Espa\u00f1ol | English | Rom\u00e2n\u0103 | Italiano<\/em><\/strong><\/span><\/p>\n<p style=\"text-align: center;\">\ud83d\udcac <em>ProMediaLab \u2013 Cuando la imagen cuenta tu historia mejor que las palabras \/ When your image tells your story better than words.<\/em><\/p>\n<p>&nbsp;<\/p>\n<p>&nbsp;<\/p>\n<p class=\"p4\" style=\"text-align: center;\"><span class=\"s3\">\ud83d\udccd <\/span><span style=\"font-size: 18pt;\"><b>M\u00e1laga, Espa\u00f1a<\/b><\/span><\/p>\n<\/div><\/div><\/div><\/div><\/div>","protected":false},"excerpt":{"rendered":"<p>&nbsp; \ud83d\udcf1 Tel\u00e9fono \/ WhatsApp: 672 11 94 55 &nbsp; \ud83c\udf1f ProMediaLab M\u00e1laga: The Image That Sells \/ La Imagen que Vende \/ Imaginea care vinde! \ud83c\udfa5 Foto &amp; Video Profesional | Professional Photo &amp; Video | Servicii foto-video profesionale \ud83d\udcf8 Realiz\u0103m con\u021binut creativ pentru: \ud83c\udf7d Restaurantes | Hotels | Ristoranti | Restaurante &amp; Hoteluri <a class=\"moretag\" href=\"https:\/\/promedialab-malaga.es\/\">Read More &#8230;<\/a><\/p>\n","protected":false},"author":1,"featured_media":0,"parent":0,"menu_order":0,"comment_status":"closed","ping_status":"closed","template":"full-width-page.php","meta":{"footnotes":""},"class_list":["post-36","page","type-page","status-publish","hentry"],"_links":{"self":[{"href":"https:\/\/promedialab-malaga.es\/index.php\/wp-json\/wp\/v2\/pages\/36","targetHints":{"allow":["GET"]}}],"collection":[{"href":"https:\/\/promedialab-malaga.es\/index.php\/wp-json\/wp\/v2\/pages"}],"about":[{"href":"https:\/\/promedialab-malaga.es\/index.php\/wp-json\/wp\/v2\/types\/page"}],"author":[{"embeddable":true,"href":"https:\/\/promedialab-malaga.es\/index.php\/wp-json\/wp\/v2\/users\/1"}],"replies":[{"embeddable":true,"href":"https:\/\/promedialab-malaga.es\/index.php\/wp-json\/wp\/v2\/comments?post=36"}],"version-history":[{"count":133,"href":"https:\/\/promedialab-malaga.es\/index.php\/wp-json\/wp\/v2\/pages\/36\/revisions"}],"predecessor-version":[{"id":448,"href":"https:\/\/promedialab-malaga.es\/index.php\/wp-json\/wp\/v2\/pages\/36\/revisions\/448"}],"wp:attachment":[{"href":"https:\/\/promedialab-malaga.es\/index.php\/wp-json\/wp\/v2\/media?parent=36"}],"curies":[{"name":"wp","href":"https:\/\/api.w.org\/{rel}","templated":true}]}}