{"id":152,"date":"2025-06-20T01:29:14","date_gmt":"2025-06-20T01:29:14","guid":{"rendered":"http:\/\/promedialab-malaga.es\/?page_id=152"},"modified":"2025-06-22T09:25:18","modified_gmt":"2025-06-22T09:25:18","slug":"reparacion","status":"publish","type":"page","link":"https:\/\/promedialab-malaga.es\/index.php\/reparacion\/","title":{"rendered":"Reparacion"},"content":{"rendered":"<div id=\"pl-152\"  class=\"panel-layout\" ><div id=\"pg-152-0\"  class=\"panel-grid panel-no-style\" ><div id=\"pgc-152-0-0\"  class=\"panel-grid-cell\" ><div id=\"panel-152-0-0-0\" class=\"so-panel widget widget_black-studio-tinymce widget_black_studio_tinymce panel-first-child panel-last-child\" data-index=\"0\" ><div class=\"textwidget\"><p style=\"text-align: center;\"><span class=\"\" style=\"display:block;clear:both;height: 0px;padding-top: 20px;border-top-width:0px;border-bottom-width:0px;\"><\/span><\/p>\n<h2 style=\"text-align: center;\"><b>\ud83d\udd27<span style=\"color: #999999;\"> Reparaci\u00f3n y clonaci\u00f3n de centralitas ECU y otros m\u00f3dulos<\/span><\/b><\/h2>\n<p class=\"p3\" style=\"text-align: center;\">\u00bfTe han dicho que tienes que cambiar la centralita? \u00bfEl coche no arranca y el diagn\u00f3stico apunta al ECU?<\/p>\n<p class=\"p4\" style=\"text-align: center;\"><span style=\"font-family: arial black, sans-serif; color: #ff6600;\"><strong><span style=\"font-size: 14pt;\">Antes de gastar cientos o miles de euros<br \/>\nhabla conmigo!<\/span><\/strong><\/span><\/p>\n<p class=\"p3\" style=\"text-align: center;\">En muchos casos, la soluci\u00f3n est\u00e1 en reparar o clonar\u2026 y no en comprar nuevo.<\/p>\n<hr \/>\n<h3 style=\"text-align: center;\"><b>\ud83d\udee0 <span style=\"color: #999999;\">\u00bfQu\u00e9 hago exactamente?<\/span><\/b><\/h3>\n<p class=\"p3\" style=\"text-align: center;\">\u2705 <span class=\"s2\"><b>Reparo centralitas ECU f\u00edsicamente<\/b><\/span> \u2013 sustituci\u00f3n de componentes electr\u00f3nicos da\u00f1ados:<\/p>\n<ul style=\"text-align: center;\">\n<li>\n<p class=\"p1\">Condensadores<\/p>\n<\/li>\n<li>\n<p class=\"p1\">Transistores, drivers de inyectores<\/p>\n<\/li>\n<li>\n<p class=\"p1\">Circuitos integrados<\/p>\n<\/li>\n<li>\n<p class=\"p1\">Soldaduras fr\u00edas o pistas quemadas<\/p>\n<\/li>\n<\/ul>\n<p class=\"p4\" style=\"text-align: center;\"><span class=\"s3\">\u2705 <\/span><b>Reprogramo o clono ECUs<\/b><span class=\"s3\">:<\/span><\/p>\n<ul style=\"text-align: center;\">\n<li>\n<p class=\"p1\">Copio los datos completos (software + inmovilizador + configuraci\u00f3n)<\/p>\n<\/li>\n<li>\n<p class=\"p1\">Permite reutilizar una <span class=\"s1\"><b>ECU de segunda mano<\/b><\/span>, totalmente funcional<\/p>\n<\/li>\n<li>\n<p class=\"p1\">Se evita la necesidad de reprogramar desde cero un m\u00f3dulo nuevo<\/p>\n<\/li>\n<li>\n<p class=\"p1\"><span style=\"font-size: 18pt;\">\ud83d\udcb8 Resultado: <span style=\"font-family: book antiqua, palatino, serif; color: #ff6600;\">ahorro importante de dinero y tiempo<\/span><\/span><\/p>\n<\/li>\n<\/ul>\n<hr \/>\n<h3 style=\"text-align: center;\"><b>\ud83d\udd01 <span style=\"color: #999999;\">\u00bfQu\u00e9 otros m\u00f3dulos puedo reparar o reprogramar?<\/span><\/b><\/h3>\n<p class=\"p3\" style=\"text-align: center;\">Adem\u00e1s del ECU del motor, tambi\u00e9n trabajo con:<\/p>\n<ul style=\"text-align: center;\">\n<li>\n<p class=\"p1\">M\u00f3dulos de ABS \/ ESP<\/p>\n<\/li>\n<li>\n<p class=\"p1\">Unidades de airbag (SRS)<\/p>\n<\/li>\n<li>\n<p class=\"p1\">BCM, BSI, UCH (m\u00f3dulos de carrocer\u00eda)<\/p>\n<\/li>\n<li>\n<p class=\"p1\">Cuadros de instrumentos<\/p>\n<\/li>\n<li>\n<p class=\"p1\">Llaves e inmovilizadores<\/p>\n<\/li>\n<li>\n<p class=\"p1\">Cajas de cambio autom\u00e1ticas y sus m\u00f3dulos TCU<\/p>\n<\/li>\n<\/ul>\n<hr \/>\n<h3 style=\"text-align: center;\"><b>\ud83c\udfaf <span style=\"color: #999999;\">\u00bfPor qu\u00e9 elegir esta soluci\u00f3n?<\/span><\/b><\/h3>\n<p class=\"p3\" style=\"text-align: center;\">\u2705 Ahorro econ\u00f3mico (evitas piezas nuevas innecesarias)<\/p>\n<p class=\"p3\" style=\"text-align: center;\">\u2705 Soluci\u00f3n r\u00e1pida y profesional<\/p>\n<p class=\"p3\" style=\"text-align: center;\">\u2705 Sin necesidad de codificar desde cero<\/p>\n<p class=\"p3\" style=\"text-align: center;\">\u2705 Posibilidad de volver a la configuraci\u00f3n original si hace falta<\/p>\n<hr \/>\n<h3 style=\"text-align: center;\"><b>\ud83d\udccc <span style=\"color: #999999;\">Muy importante<\/span><\/b><\/h3>\n<h3 style=\"text-align: center;\"><span style=\"font-size: 14pt; font-family: georgia, palatino, serif; color: #ff9900;\">Todas las reparaciones se hacen con an\u00e1lisis previo.<\/span><\/h3>\n<h3 style=\"text-align: center;\"><span style=\"font-size: 14pt; font-family: georgia, palatino, serif; color: #ff9900;\">No toco nada si no estoy seguro de que puedo arreglarlo bien.<\/span><\/h3>\n<h3 style=\"text-align: center;\"><span style=\"font-size: 14pt; font-family: georgia, palatino, serif; color: #ff9900;\"><i>Honestidad ante todo.<\/i><\/span><i><\/i><\/h3>\n<hr \/>\n<h3 style=\"text-align: center;\"><b>\ud83d\udccd <span style=\"color: #999999;\">Servicio disponible en M\u00e1laga y alrededores<\/span><\/b><\/h3>\n<p class=\"p3\" style=\"text-align: center;\">\u00bfProblemas con tu centralita o con alg\u00fan m\u00f3dulo electr\u00f3nico?<\/p>\n<p class=\"p4\" style=\"text-align: center;\"><span style=\"font-size: 12pt; color: #999999;\"><b>No te precipites cambiando piezas.<br \/>\nEscr\u00edbeme y vemos si se puede reparar o clonar.<\/b><\/span><b><\/b><\/p>\n<p class=\"p3\" style=\"text-align: center;\">\u00a1Te puede salir mucho m\u00e1s barato de lo que imaginas!<\/p>\n<\/div><\/div><\/div><\/div><\/div>","protected":false},"excerpt":{"rendered":"<p>\ud83d\udd27 Reparaci\u00f3n y clonaci\u00f3n de centralitas ECU y otros m\u00f3dulos \u00bfTe han dicho que tienes que cambiar la centralita? \u00bfEl coche no arranca y el diagn\u00f3stico apunta al ECU? Antes de gastar cientos o miles de euros habla conmigo! En muchos casos, la soluci\u00f3n est\u00e1 en reparar o clonar\u2026 y no en comprar nuevo. \ud83d\udee0 <a class=\"moretag\" href=\"https:\/\/promedialab-malaga.es\/index.php\/reparacion\/\">Read More &#8230;<\/a><\/p>\n","protected":false},"author":1,"featured_media":0,"parent":0,"menu_order":0,"comment_status":"closed","ping_status":"closed","template":"full-width-page.php","meta":{"footnotes":""},"class_list":["post-152","page","type-page","status-publish","hentry"],"_links":{"self":[{"href":"https:\/\/promedialab-malaga.es\/index.php\/wp-json\/wp\/v2\/pages\/152","targetHints":{"allow":["GET"]}}],"collection":[{"href":"https:\/\/promedialab-malaga.es\/index.php\/wp-json\/wp\/v2\/pages"}],"about":[{"href":"https:\/\/promedialab-malaga.es\/index.php\/wp-json\/wp\/v2\/types\/page"}],"author":[{"embeddable":true,"href":"https:\/\/promedialab-malaga.es\/index.php\/wp-json\/wp\/v2\/users\/1"}],"replies":[{"embeddable":true,"href":"https:\/\/promedialab-malaga.es\/index.php\/wp-json\/wp\/v2\/comments?post=152"}],"version-history":[{"count":7,"href":"https:\/\/promedialab-malaga.es\/index.php\/wp-json\/wp\/v2\/pages\/152\/revisions"}],"predecessor-version":[{"id":304,"href":"https:\/\/promedialab-malaga.es\/index.php\/wp-json\/wp\/v2\/pages\/152\/revisions\/304"}],"wp:attachment":[{"href":"https:\/\/promedialab-malaga.es\/index.php\/wp-json\/wp\/v2\/media?parent=152"}],"curies":[{"name":"wp","href":"https:\/\/api.w.org\/{rel}","templated":true}]}}